{"id":415,"date":"2017-04-26T15:38:13","date_gmt":"2017-04-26T13:38:13","guid":{"rendered":"http:\/\/msp-biznes.pl\/?page_id=415"},"modified":"2017-05-16T16:38:02","modified_gmt":"2017-05-16T14:38:02","slug":"leasing","status":"publish","type":"page","link":"https:\/\/msp-biznes.pl\/index.php\/leasing\/","title":{"rendered":"Leasing"},"content":{"rendered":"<p>[et_pb_section admin_label=&#8221;section&#8221; transparent_background=&#8221;off&#8221; background_color=&#8221;#805b9e&#8221; allow_player_pause=&#8221;off&#8221; inner_shadow=&#8221;off&#8221; parallax=&#8221;off&#8221; parallax_method=&#8221;off&#8221; padding_mobile=&#8221;off&#8221; make_fullwidth=&#8221;off&#8221; use_custom_width=&#8221;off&#8221; width_unit=&#8221;on&#8221; make_equal=&#8221;off&#8221; use_custom_gutter=&#8221;off&#8221;][et_pb_row admin_label=&#8221;row&#8221;][et_pb_column type=&#8221;4_4&#8243;][et_pb_text admin_label=&#8221;Tekst&#8221; background_layout=&#8221;dark&#8221; text_orientation=&#8221;left&#8221; text_font_size=&#8221;35&#8243; use_border_color=&#8221;off&#8221; border_color=&#8221;#ffffff&#8221; border_style=&#8221;solid&#8221;]<\/p>\n<p>Leasing<\/p>\n<p>[\/et_pb_text][\/et_pb_column][\/et_pb_row][\/et_pb_section][et_pb_section admin_label=&#8221;Sekcja&#8221; fullwidth=&#8221;off&#8221; specialty=&#8221;off&#8221;][et_pb_row admin_label=&#8221;Wiersz&#8221;][et_pb_column type=&#8221;2_3&#8243;][et_pb_text admin_label=&#8221;Tekst&#8221; background_layout=&#8221;light&#8221; text_orientation=&#8221;left&#8221; use_border_color=&#8221;off&#8221; border_color=&#8221;#ffffff&#8221; border_style=&#8221;solid&#8221;]<\/p>\n<div>Kredyt czy leasing<\/div>\n<div>Kupujesz, maszyny, urz\u0105dzenia, sprz\u0119t lub \u015brodki transportu?<\/div>\n<div>Zastanawiasz si\u0119, co b\u0119dzie korzystniejsze: kredyt czy leasing?<\/div>\n<div>Odpowiadamy na pytanie: kiedy warto zastanowi\u0107 si\u0119 nad leasingiem, a kiedy wybra\u0107 kredyt.<\/div>\n<div>Wraz z wyborem formy finansowania otrzymasz wysokiej jako\u015bci produkt, dzi\u0119ki kt\u00f3remu kupisz maszyny, urz\u0105dzenia lub \u015brodki transportu potrzebne do rozwoju Twojego biznesu.<\/div>\n<p>[\/et_pb_text][\/et_pb_column][et_pb_column type=&#8221;1_3&#8243;][et_pb_image admin_label=&#8221;Obraz&#8221; src=&#8221;https:\/\/msp-biznes.pl\/wp-content\/uploads\/2017\/04\/rsz_auto_leasing.jpg&#8221; show_in_lightbox=&#8221;off&#8221; url_new_window=&#8221;off&#8221; use_overlay=&#8221;off&#8221; animation=&#8221;left&#8221; sticky=&#8221;off&#8221; align=&#8221;left&#8221; force_fullwidth=&#8221;off&#8221; always_center_on_mobile=&#8221;on&#8221; use_border_color=&#8221;off&#8221; border_color=&#8221;#ffffff&#8221; border_style=&#8221;solid&#8221; \/][\/et_pb_column][\/et_pb_row][\/et_pb_section][et_pb_section admin_label=&#8221;Sekcja&#8221; fullwidth=&#8221;off&#8221; specialty=&#8221;off&#8221; transparent_background=&#8221;off&#8221; background_color=&#8221;rgba(128,91,158,0.72)&#8221; allow_player_pause=&#8221;off&#8221; inner_shadow=&#8221;off&#8221; parallax=&#8221;off&#8221; parallax_method=&#8221;off&#8221; padding_mobile=&#8221;off&#8221; make_fullwidth=&#8221;off&#8221; use_custom_width=&#8221;off&#8221; width_unit=&#8221;on&#8221; make_equal=&#8221;off&#8221; use_custom_gutter=&#8221;off&#8221;][et_pb_row admin_label=&#8221;Wiersz&#8221;][et_pb_column type=&#8221;4_4&#8243;][et_pb_text admin_label=&#8221;Tekst&#8221; background_layout=&#8221;dark&#8221; text_orientation=&#8221;center&#8221; text_font_size=&#8221;35&#8243; use_border_color=&#8221;off&#8221; border_color=&#8221;#ffffff&#8221; border_style=&#8221;solid&#8221;]<\/p>\n<p>Twoje obecne rozwi\u0105zania s\u0105 drogie?<\/p>\n<p>[\/et_pb_text][et_pb_button admin_label=&#8221;Przycisk&#8221; url_new_window=&#8221;off&#8221; button_text=&#8221;Popro\u015b o kontakt&#8221; button_alignment=&#8221;center&#8221; background_layout=&#8221;dark&#8221; custom_button=&#8221;off&#8221; button_letter_spacing=&#8221;0&#8243; button_use_icon=&#8221;default&#8221; button_icon_placement=&#8221;right&#8221; button_on_hover=&#8221;on&#8221; button_letter_spacing_hover=&#8221;0&#8243; module_class=&#8221;msp-szybkikontakt&#8221;] [\/et_pb_button][\/et_pb_column][\/et_pb_row][\/et_pb_section][et_pb_section admin_label=&#8221;Sekcja&#8221; global_module=&#8221;212&#8243; fullwidth=&#8221;off&#8221; specialty=&#8221;off&#8221; transparent_background=&#8221;off&#8221; allow_player_pause=&#8221;off&#8221; inner_shadow=&#8221;off&#8221; parallax=&#8221;off&#8221; parallax_method=&#8221;off&#8221; padding_mobile=&#8221;off&#8221; make_fullwidth=&#8221;off&#8221; use_custom_width=&#8221;off&#8221; width_unit=&#8221;on&#8221; make_equal=&#8221;off&#8221; use_custom_gutter=&#8221;off&#8221;][et_pb_row global_parent=&#8221;212&#8243; admin_label=&#8221;Wiersz&#8221;][et_pb_column type=&#8221;1_3&#8243;][et_pb_text global_parent=&#8221;212&#8243; admin_label=&#8221;Tekst&#8221; background_layout=&#8221;light&#8221; text_orientation=&#8221;left&#8221; text_text_color=&#8221;#7f5c9e&#8221; use_border_color=&#8221;off&#8221; border_color=&#8221;#ffffff&#8221; border_style=&#8221;solid&#8221; text_font_size=&#8221;35&#8243;] Kontakt [\/et_pb_text][et_pb_text global_parent=&#8221;212&#8243; admin_label=&#8221;Tekst&#8221; background_layout=&#8221;light&#8221; text_orientation=&#8221;left&#8221; use_border_color=&#8221;off&#8221; border_color=&#8221;#ffffff&#8221; border_style=&#8221;solid&#8221;]<\/p>\n<div><span class=\"_50f4\">Wysoka 15b<\/span><\/div>\n<div><span class=\"_50f4\">87-800 W\u0142oc\u0142awek<\/span><\/div>\n<div><\/div>\n<div>telefon:\u00a0661 194 703 e-mail:\u00a0<a id=\"emailAddress\" class=\"mr-1 ajaxGemius count-hovers addax addax-cs_ip_email_click_submit\" title=\"Wy\u015blij e-mail do Msp Biznes Marta Puppel\" href=\"mailto:marta.puppel@msp-biznes.pl\" data-for-copy=\"marta.puppel@msp-biznes.pl\" data-copy-trigger=\"#emailCopyAnchor\">marta.puppel@msp-biznes.pl<\/a><\/div>\n<p>[\/et_pb_text][\/et_pb_column][et_pb_column type=&#8221;1_3&#8243;][et_pb_text global_parent=&#8221;212&#8243; admin_label=&#8221;Tekst&#8221; background_layout=&#8221;light&#8221; text_orientation=&#8221;center&#8221; text_text_color=&#8221;#7f5c9e&#8221; use_border_color=&#8221;off&#8221; border_color=&#8221;#ffffff&#8221; border_style=&#8221;solid&#8221; text_font_size=&#8221;25&#8243;] Jak dojecha\u0107 [\/et_pb_text][et_pb_image global_parent=&#8221;212&#8243; admin_label=&#8221;Obraz&#8221; src=&#8221;https:\/\/msp-biznes.pl\/wp-content\/uploads\/2017\/01\/location-pin.png&#8221; show_in_lightbox=&#8221;off&#8221; url=&#8221;https:\/\/www.google.pl\/maps\/place\/Wysoka+15B,+W%C5%82oc%C5%82awek\/@52.6608659,19.0424932,17.25z\/data=!4m5!3m4!1s0x471c99121dd6c231:0x3490c1d16b7980fc!8m2!3d52.660798!4d19.0443149&#8243; url_new_window=&#8221;on&#8221; use_overlay=&#8221;off&#8221; animation=&#8221;fade_in&#8221; sticky=&#8221;off&#8221; align=&#8221;center&#8221; force_fullwidth=&#8221;off&#8221; always_center_on_mobile=&#8221;on&#8221; use_border_color=&#8221;off&#8221; border_color=&#8221;#ffffff&#8221; border_style=&#8221;solid&#8221;] [\/et_pb_image][\/et_pb_column][et_pb_column type=&#8221;1_3&#8243;][et_pb_text global_parent=&#8221;212&#8243; admin_label=&#8221;Tekst&#8221; background_layout=&#8221;light&#8221; text_orientation=&#8221;center&#8221; text_text_color=&#8221;#7f5c9e&#8221; use_border_color=&#8221;off&#8221; border_color=&#8221;#ffffff&#8221; border_style=&#8221;solid&#8221; text_font_size=&#8221;25&#8243;] Media spo\u0142eczno\u015bciowe [\/et_pb_text][et_pb_image global_parent=&#8221;212&#8243; admin_label=&#8221;Obraz&#8221; src=&#8221;https:\/\/msp-biznes.pl\/wp-content\/uploads\/2017\/01\/facebook-logo.png&#8221; show_in_lightbox=&#8221;off&#8221; url=&#8221;https:\/\/www.facebook.com\/pg\/mspbiznes\/about\/?ref=page_internal&#8221; url_new_window=&#8221;on&#8221; use_overlay=&#8221;off&#8221; animation=&#8221;fade_in&#8221; sticky=&#8221;off&#8221; align=&#8221;center&#8221; force_fullwidth=&#8221;off&#8221; always_center_on_mobile=&#8221;on&#8221; use_border_color=&#8221;off&#8221; border_color=&#8221;#ffffff&#8221; border_style=&#8221;solid&#8221;] [\/et_pb_image][\/et_pb_column][\/et_pb_row][\/et_pb_section]<\/p>\n","protected":false},"excerpt":{"rendered":"<p>Leasing Kredyt czy leasing Kupujesz, maszyny, urz\u0105dzenia, sprz\u0119t lub \u015brodki transportu? Zastanawiasz si\u0119, co b\u0119dzie korzystniejsze: kredyt czy leasing? Odpowiadamy na pytanie: kiedy warto zastanowi\u0107 si\u0119 nad leasingiem, a kiedy wybra\u0107 kredyt. Wraz z wyborem formy finansowania otrzymasz wysokiej jako\u015bci produkt, dzi\u0119ki kt\u00f3remu kupisz maszyny, urz\u0105dzenia lub \u015brodki transportu potrzebne do rozwoju Twojego biznesu. Twoje [&hellip;]<\/p>\n","protected":false},"author":1,"featured_media":0,"parent":0,"menu_order":0,"comment_status":"closed","ping_status":"closed","template":"","meta":{"_et_pb_use_builder":"on","_et_pb_old_content":"","_et_gb_content_width":"","_mi_skip_tracking":false,"_exactmetrics_sitenote_active":false,"_exactmetrics_sitenote_note":"","_exactmetrics_sitenote_category":0},"_links":{"self":[{"href":"https:\/\/msp-biznes.pl\/index.php\/wp-json\/wp\/v2\/pages\/415"}],"collection":[{"href":"https:\/\/msp-biznes.pl\/index.php\/wp-json\/wp\/v2\/pages"}],"about":[{"href":"https:\/\/msp-biznes.pl\/index.php\/wp-json\/wp\/v2\/types\/page"}],"author":[{"embeddable":true,"href":"https:\/\/msp-biznes.pl\/index.php\/wp-json\/wp\/v2\/users\/1"}],"replies":[{"embeddable":true,"href":"https:\/\/msp-biznes.pl\/index.php\/wp-json\/wp\/v2\/comments?post=415"}],"version-history":[{"count":4,"href":"https:\/\/msp-biznes.pl\/index.php\/wp-json\/wp\/v2\/pages\/415\/revisions"}],"predecessor-version":[{"id":567,"href":"https:\/\/msp-biznes.pl\/index.php\/wp-json\/wp\/v2\/pages\/415\/revisions\/567"}],"wp:attachment":[{"href":"https:\/\/msp-biznes.pl\/index.php\/wp-json\/wp\/v2\/media?parent=415"}],"curies":[{"name":"wp","href":"https:\/\/api.w.org\/{rel}","templated":true}]}}