{"id":249,"date":"2017-04-10T10:18:33","date_gmt":"2017-04-10T08:18:33","guid":{"rendered":"http:\/\/msp-biznes.pl\/?page_id=249"},"modified":"2017-04-28T11:03:15","modified_gmt":"2017-04-28T09:03:15","slug":"pozyczki-unijne","status":"publish","type":"page","link":"https:\/\/msp-biznes.pl\/index.php\/pozyczki-unijne\/","title":{"rendered":"Po\u017cyczki unijne"},"content":{"rendered":"<p>[et_pb_section admin_label=&#8221;section&#8221; transparent_background=&#8221;off&#8221; background_color=&#8221;#805b9e&#8221; allow_player_pause=&#8221;off&#8221; inner_shadow=&#8221;off&#8221; parallax=&#8221;off&#8221; parallax_method=&#8221;off&#8221; padding_mobile=&#8221;off&#8221; make_fullwidth=&#8221;off&#8221; use_custom_width=&#8221;off&#8221; width_unit=&#8221;on&#8221; make_equal=&#8221;off&#8221; use_custom_gutter=&#8221;off&#8221;][et_pb_row admin_label=&#8221;row&#8221;][et_pb_column type=&#8221;4_4&#8243;][et_pb_text admin_label=&#8221;Tekst&#8221; background_layout=&#8221;dark&#8221; text_orientation=&#8221;left&#8221; text_font_size=&#8221;30&#8243; use_border_color=&#8221;off&#8221; border_color=&#8221;#ffffff&#8221; border_style=&#8221;solid&#8221;]<\/p>\n<p>Po\u017cyczki unijne<\/p>\n<p>[\/et_pb_text][\/et_pb_column][\/et_pb_row][\/et_pb_section][et_pb_section admin_label=&#8221;Sekcja&#8221; fullwidth=&#8221;off&#8221; specialty=&#8221;on&#8221;][et_pb_column type=&#8221;2_3&#8243; specialty_columns=&#8221;2&#8243;][et_pb_row_inner admin_label=&#8221;Wiersz&#8221;][et_pb_column_inner type=&#8221;4_4&#8243; saved_specialty_column_type=&#8221;2_3&#8243;][et_pb_text admin_label=&#8221;Tekst&#8221; background_layout=&#8221;light&#8221; text_orientation=&#8221;left&#8221; use_border_color=&#8221;off&#8221; border_color=&#8221;#ffffff&#8221; border_style=&#8221;solid&#8221; text_text_color=&#8221;#805b9e&#8221; text_font_size=&#8221;30&#8243;]<\/p>\n<p>To odpowiednik kredyt\u00f3w firmowych w ta\u0144szej, ale wymagaj\u0105cej wi\u0119kszego zaanga\u017cowania wersji.<\/p>\n<p>[\/et_pb_text][\/et_pb_column_inner][\/et_pb_row_inner][et_pb_row_inner admin_label=&#8221;Wiersz&#8221; padding_mobile=&#8221;off&#8221; use_custom_gutter=&#8221;off&#8221; column_padding_mobile=&#8221;on&#8221; make_equal=&#8221;off&#8221; parallax_1=&#8221;off&#8221; parallax_method_1=&#8221;off&#8221; parallax_2=&#8221;off&#8221; parallax_method_2=&#8221;off&#8221; custom_css_main_1=&#8221;width: 10% !important;&#8221; custom_css_main_2=&#8221;width: 80% !important;&#8221;][et_pb_column_inner type=&#8221;1_2&#8243; saved_specialty_column_type=&#8221;2_3&#8243;][et_pb_image admin_label=&#8221;Obraz&#8221; src=&#8221;https:\/\/msp-biznes.pl\/wp-content\/uploads\/2017\/04\/logo_f.png&#8221; show_in_lightbox=&#8221;off&#8221; url_new_window=&#8221;off&#8221; use_overlay=&#8221;off&#8221; animation=&#8221;left&#8221; sticky=&#8221;off&#8221; align=&#8221;left&#8221; force_fullwidth=&#8221;off&#8221; always_center_on_mobile=&#8221;on&#8221; use_border_color=&#8221;off&#8221; border_color=&#8221;#ffffff&#8221; border_style=&#8221;solid&#8221; module_class=&#8221;logom&#8221;] [\/et_pb_image][\/et_pb_column_inner][et_pb_column_inner type=&#8221;1_2&#8243; saved_specialty_column_type=&#8221;2_3&#8243;][et_pb_text admin_label=&#8221;Tekst&#8221; background_layout=&#8221;light&#8221; text_orientation=&#8221;left&#8221; use_border_color=&#8221;off&#8221; border_color=&#8221;#ffffff&#8221; border_style=&#8221;solid&#8221;]<\/p>\n<p>Przeznaczone s\u0105 dla os\u00f3b, kt\u00f3re chc\u0105 rozpocz\u0105\u0107 pierwszy biznes, firm do 12 miesi\u0119cy dzia\u0142alno\u015bci oraz firm powy\u017cej 12 miesi\u0119cy.<br \/>\n\u2013 Dla sektora mikro, ma\u0142ych i \u015brednich przedsi\u0119biorstw.<br \/>\n\u2013 Ni\u017csze oprocentowanie w stosunku do oferty komercyjnej<br \/>\n\u2013 \u0141atwiejsze uzyskanie zdolno\u015bci kredytowej<br \/>\n\u2013 finansowane ze \u015brodk\u00f3w unijnych w ramach program\u00f3w regionalnych<\/p>\n<p>[\/et_pb_text][\/et_pb_column_inner][\/et_pb_row_inner][et_pb_row_inner admin_label=&#8221;Wiersz&#8221; padding_mobile=&#8221;off&#8221; use_custom_gutter=&#8221;off&#8221; column_padding_mobile=&#8221;on&#8221; make_equal=&#8221;off&#8221; parallax_1=&#8221;off&#8221; parallax_method_1=&#8221;off&#8221; parallax_2=&#8221;off&#8221; parallax_method_2=&#8221;off&#8221; custom_css_main_1=&#8221;width: 10% !important;&#8221; custom_css_main_2=&#8221;width: 80% !important;&#8221;][et_pb_column_inner type=&#8221;1_2&#8243; saved_specialty_column_type=&#8221;2_3&#8243;][et_pb_image admin_label=&#8221;Obraz&#8221; src=&#8221;https:\/\/msp-biznes.pl\/wp-content\/uploads\/2017\/04\/logo_f.png&#8221; show_in_lightbox=&#8221;off&#8221; url_new_window=&#8221;off&#8221; use_overlay=&#8221;off&#8221; animation=&#8221;left&#8221; sticky=&#8221;off&#8221; align=&#8221;left&#8221; force_fullwidth=&#8221;off&#8221; always_center_on_mobile=&#8221;on&#8221; use_border_color=&#8221;off&#8221; border_color=&#8221;#ffffff&#8221; border_style=&#8221;solid&#8221; module_class=&#8221;logom&#8221;] [\/et_pb_image][\/et_pb_column_inner][et_pb_column_inner type=&#8221;1_2&#8243; saved_specialty_column_type=&#8221;2_3&#8243;][et_pb_text admin_label=&#8221;Tekst&#8221; background_layout=&#8221;light&#8221; text_orientation=&#8221;left&#8221; use_border_color=&#8221;off&#8221; border_color=&#8221;#ffffff&#8221; border_style=&#8221;solid&#8221;]<\/p>\n<p>&#8211; Po\u017cyczki na rozpocz\u0119cie dzia\u0142alano\u015bci gospodarczej.<br \/>\nCelem projektu jest zapewnienie wsparcia finansowego osobom, kt\u00f3re planuj\u0105 rozpocz\u0105\u0107 dzia\u0142alno\u015b\u0107 gospodarcz\u0105.<\/p>\n<p>I. Po\u017cyczki dla os\u00f3b bezrobotnych do 81 000 z\u0142, oprocentowanie do 0,5% w skali roku na dowolny cel zwi\u0105zany z podejmowaniem dzia\u0142alno\u015bci gospodarczej.<\/p>\n<p>II. Po\u017cyczki dla os\u00f3b pracuj\u0105cych do 50 000 z\u0142, oprocentowanie do 0,5% w skali roku na dowolny cel zwi\u0105zany z podejmowaniem dzia\u0142alno\u015bci gospodarczej, okres kredytowania do 5 lat, okres karencji w sp\u0142acie do 3 miesi\u0119cy)<\/p>\n<p>Projekt przeznaczony dla os\u00f3b planuj\u0105cych podj\u0119cie dzia\u0142alno\u015bci na terenie wojew\u00f3dztwa kujawsko \u2013 pomorskiego.<br \/>\nWsp\u00f3\u0142finansowane s\u0105 ze \u015brodk\u00f3w Unii Europejskiej w ramach Europejskiego Funduszu Spo\u0142ecznego.<br \/>\nDzia\u0142alno\u015b\u0107 gospodarcz\u0105 nale\u017cy zarejestrowa\u0107 najwcze\u015bniej po zakwalifikowaniu si\u0119 do udzia\u0142u w projekcie.<\/p>\n<p>Po\u017cyczki na rozw\u00f3j dzia\u0142alno\u015bci gospodarczej wsp\u00f3\u0142finansowane ze \u015brodk\u00f3w Unii Europejskiej.<\/p>\n<p>[\/et_pb_text][\/et_pb_column_inner][\/et_pb_row_inner][et_pb_row_inner admin_label=&#8221;Wiersz&#8221; padding_mobile=&#8221;off&#8221; use_custom_gutter=&#8221;off&#8221; column_padding_mobile=&#8221;on&#8221; make_equal=&#8221;off&#8221; parallax_1=&#8221;off&#8221; parallax_method_1=&#8221;off&#8221; parallax_2=&#8221;off&#8221; parallax_method_2=&#8221;off&#8221; custom_css_main_1=&#8221;width: 10% !important;&#8221; custom_css_main_2=&#8221;width: 80% !important;&#8221;][et_pb_column_inner type=&#8221;1_2&#8243; saved_specialty_column_type=&#8221;2_3&#8243;][et_pb_image admin_label=&#8221;Obraz&#8221; src=&#8221;https:\/\/msp-biznes.pl\/wp-content\/uploads\/2017\/04\/logo_f.png&#8221; show_in_lightbox=&#8221;off&#8221; url_new_window=&#8221;off&#8221; use_overlay=&#8221;off&#8221; animation=&#8221;left&#8221; sticky=&#8221;off&#8221; align=&#8221;left&#8221; force_fullwidth=&#8221;off&#8221; always_center_on_mobile=&#8221;on&#8221; use_border_color=&#8221;off&#8221; border_color=&#8221;#ffffff&#8221; border_style=&#8221;solid&#8221; module_class=&#8221;logom&#8221;] [\/et_pb_image][\/et_pb_column_inner][et_pb_column_inner type=&#8221;1_2&#8243; saved_specialty_column_type=&#8221;2_3&#8243;][et_pb_text admin_label=&#8221;Tekst&#8221; background_layout=&#8221;light&#8221; text_orientation=&#8221;left&#8221; use_border_color=&#8221;off&#8221; border_color=&#8221;#ffffff&#8221; border_style=&#8221;solid&#8221;]<\/p>\n<p>Po\u017cyczka na cele obrotowe, obrotowo \u2013 inwestycyjne do 120 000 z\u0142 dla START UP od pierwszego dnia dzia\u0142alno\u015bci gospodarczej.<br \/>\nProjekt przeznaczony jest dla mikro, ma\u0142ych i \u015brednich przedsi\u0119biorstw od pierwszego dnia prowadzenia dzia\u0142alno\u015bci, posiadaj\u0105cych siedzib\u0119 i prowadz\u0105cych dzia\u0142alno\u015b\u0107 gospodarcz\u0105 na terenie wojew\u00f3dztwa kujawsko-pomorskiego.<br \/>\nKwota do dyspozycji 120 000 z\u0142,<br \/>\noprocentowanie 1,23% prowizja 4%<\/p>\n<p>Okres kredytowania po\u017cyczki na cel obrotowy wynosi do 36 miesi\u0119cy.<\/p>\n<p>W przypadku po\u017cyczki na cel obrotowo \u2013 inwestycyjny okres kredytowania wynosi do 60 miesi\u0119cy.<\/p>\n<p>Po\u017cyczka dla firm z wojew\u00f3dztwa kujawsko-pomorskiego powy\u017cej 12 miesi\u0119cy prowadzenia dzia\u0142alno\u015bci.<\/p>\n<p>Kwota do dyspozycji do 600 000 z\u0142,<br \/>\noprocentowanie od 3,83 %<br \/>\nprowizja 2-4%<\/p>\n<p>Okres kredytowania po\u017cyczki na cel obrotowy wynosi do 36 miesi\u0119cy<br \/>\nW przypadku po\u017cyczki na cel obrotowo \u2013 inwestycyjny okres kredytowania wynosi do 60 miesi\u0119cy.<\/p>\n<p>[\/et_pb_text][\/et_pb_column_inner][\/et_pb_row_inner][\/et_pb_column][et_pb_column type=&#8221;1_3&#8243;][et_pb_image admin_label=&#8221;Obraz&#8221; src=&#8221;https:\/\/msp-biznes.pl\/wp-content\/uploads\/2017\/04\/flaga_unia.jpg&#8221; show_in_lightbox=&#8221;off&#8221; url_new_window=&#8221;off&#8221; use_overlay=&#8221;off&#8221; animation=&#8221;left&#8221; sticky=&#8221;off&#8221; align=&#8221;left&#8221; force_fullwidth=&#8221;off&#8221; always_center_on_mobile=&#8221;on&#8221; use_border_color=&#8221;off&#8221; border_color=&#8221;#ffffff&#8221; border_style=&#8221;solid&#8221;] [\/et_pb_image][\/et_pb_column][\/et_pb_section][et_pb_section admin_label=&#8221;Sekcja&#8221; fullwidth=&#8221;off&#8221; specialty=&#8221;off&#8221; transparent_background=&#8221;off&#8221; background_color=&#8221;rgba(128,91,158,0.72)&#8221; allow_player_pause=&#8221;off&#8221; inner_shadow=&#8221;off&#8221; parallax=&#8221;off&#8221; parallax_method=&#8221;off&#8221; padding_mobile=&#8221;off&#8221; make_fullwidth=&#8221;off&#8221; use_custom_width=&#8221;off&#8221; width_unit=&#8221;on&#8221; make_equal=&#8221;off&#8221; use_custom_gutter=&#8221;off&#8221;][et_pb_row admin_label=&#8221;Wiersz&#8221;][et_pb_column type=&#8221;4_4&#8243;][et_pb_text admin_label=&#8221;Tekst&#8221; background_layout=&#8221;dark&#8221; text_orientation=&#8221;center&#8221; text_font_size=&#8221;35&#8243; use_border_color=&#8221;off&#8221; border_color=&#8221;#ffffff&#8221; border_style=&#8221;solid&#8221;]<\/p>\n<p>Twoje obecne rozwi\u0105zania s\u0105 drogie?<\/p>\n<p>[\/et_pb_text][et_pb_button admin_label=&#8221;Przycisk&#8221; url_new_window=&#8221;off&#8221; button_text=&#8221;Popro\u015b o kontakt&#8221; button_alignment=&#8221;center&#8221; background_layout=&#8221;dark&#8221; custom_button=&#8221;off&#8221; button_letter_spacing=&#8221;0&#8243; button_use_icon=&#8221;default&#8221; button_icon_placement=&#8221;right&#8221; button_on_hover=&#8221;on&#8221; button_letter_spacing_hover=&#8221;0&#8243; module_class=&#8221;msp-szybkikontakt&#8221;] [\/et_pb_button][\/et_pb_column][\/et_pb_row][\/et_pb_section][et_pb_section admin_label=&#8221;Sekcja&#8221; global_module=&#8221;212&#8243; fullwidth=&#8221;off&#8221; specialty=&#8221;off&#8221; transparent_background=&#8221;off&#8221; allow_player_pause=&#8221;off&#8221; inner_shadow=&#8221;off&#8221; parallax=&#8221;off&#8221; parallax_method=&#8221;off&#8221; padding_mobile=&#8221;off&#8221; make_fullwidth=&#8221;off&#8221; use_custom_width=&#8221;off&#8221; width_unit=&#8221;on&#8221; make_equal=&#8221;off&#8221; use_custom_gutter=&#8221;off&#8221;][et_pb_row global_parent=&#8221;212&#8243; admin_label=&#8221;Wiersz&#8221;][et_pb_column type=&#8221;1_3&#8243;][et_pb_text global_parent=&#8221;212&#8243; admin_label=&#8221;Tekst&#8221; background_layout=&#8221;light&#8221; text_orientation=&#8221;left&#8221; text_text_color=&#8221;#7f5c9e&#8221; use_border_color=&#8221;off&#8221; border_color=&#8221;#ffffff&#8221; border_style=&#8221;solid&#8221; text_font_size=&#8221;35&#8243;] Kontakt [\/et_pb_text][et_pb_text global_parent=&#8221;212&#8243; admin_label=&#8221;Tekst&#8221; background_layout=&#8221;light&#8221; text_orientation=&#8221;left&#8221; use_border_color=&#8221;off&#8221; border_color=&#8221;#ffffff&#8221; border_style=&#8221;solid&#8221;]<\/p>\n<div><span class=\"_50f4\">Wysoka 15b<\/span><\/div>\n<div><span class=\"_50f4\">87-800 W\u0142oc\u0142awek<\/span><\/div>\n<div><\/div>\n<div>telefon:\u00a0661 194 703 e-mail:\u00a0<a id=\"emailAddress\" class=\"mr-1 ajaxGemius count-hovers addax addax-cs_ip_email_click_submit\" title=\"Wy\u015blij e-mail do Msp Biznes Marta Puppel\" href=\"mailto:marta.puppel@msp-biznes.pl\" data-for-copy=\"marta.puppel@msp-biznes.pl\" data-copy-trigger=\"#emailCopyAnchor\">marta.puppel@msp-biznes.pl<\/a><\/div>\n<p>[\/et_pb_text][\/et_pb_column][et_pb_column type=&#8221;1_3&#8243;][et_pb_text global_parent=&#8221;212&#8243; admin_label=&#8221;Tekst&#8221; background_layout=&#8221;light&#8221; text_orientation=&#8221;center&#8221; text_text_color=&#8221;#7f5c9e&#8221; use_border_color=&#8221;off&#8221; border_color=&#8221;#ffffff&#8221; border_style=&#8221;solid&#8221; text_font_size=&#8221;25&#8243;] Jak dojecha\u0107 [\/et_pb_text][et_pb_image global_parent=&#8221;212&#8243; admin_label=&#8221;Obraz&#8221; src=&#8221;https:\/\/msp-biznes.pl\/wp-content\/uploads\/2017\/01\/location-pin.png&#8221; show_in_lightbox=&#8221;off&#8221; url=&#8221;https:\/\/www.google.pl\/maps\/place\/Wysoka+15B,+W%C5%82oc%C5%82awek\/@52.6608659,19.0424932,17.25z\/data=!4m5!3m4!1s0x471c99121dd6c231:0x3490c1d16b7980fc!8m2!3d52.660798!4d19.0443149&#8243; url_new_window=&#8221;on&#8221; use_overlay=&#8221;off&#8221; animation=&#8221;fade_in&#8221; sticky=&#8221;off&#8221; align=&#8221;center&#8221; force_fullwidth=&#8221;off&#8221; always_center_on_mobile=&#8221;on&#8221; use_border_color=&#8221;off&#8221; border_color=&#8221;#ffffff&#8221; border_style=&#8221;solid&#8221;] [\/et_pb_image][\/et_pb_column][et_pb_column type=&#8221;1_3&#8243;][et_pb_text global_parent=&#8221;212&#8243; admin_label=&#8221;Tekst&#8221; background_layout=&#8221;light&#8221; text_orientation=&#8221;center&#8221; text_text_color=&#8221;#7f5c9e&#8221; use_border_color=&#8221;off&#8221; border_color=&#8221;#ffffff&#8221; border_style=&#8221;solid&#8221; text_font_size=&#8221;25&#8243;] Media spo\u0142eczno\u015bciowe [\/et_pb_text][et_pb_image global_parent=&#8221;212&#8243; admin_label=&#8221;Obraz&#8221; src=&#8221;https:\/\/msp-biznes.pl\/wp-content\/uploads\/2017\/01\/facebook-logo.png&#8221; show_in_lightbox=&#8221;off&#8221; url=&#8221;https:\/\/www.facebook.com\/pg\/mspbiznes\/about\/?ref=page_internal&#8221; url_new_window=&#8221;on&#8221; use_overlay=&#8221;off&#8221; animation=&#8221;fade_in&#8221; sticky=&#8221;off&#8221; align=&#8221;center&#8221; force_fullwidth=&#8221;off&#8221; always_center_on_mobile=&#8221;on&#8221; use_border_color=&#8221;off&#8221; border_color=&#8221;#ffffff&#8221; border_style=&#8221;solid&#8221;] [\/et_pb_image][\/et_pb_column][\/et_pb_row][\/et_pb_section]<\/p>\n","protected":false},"excerpt":{"rendered":"<p>Po\u017cyczki unijne To odpowiednik kredyt\u00f3w firmowych w ta\u0144szej, ale wymagaj\u0105cej wi\u0119kszego zaanga\u017cowania wersji. Przeznaczone s\u0105 dla os\u00f3b, kt\u00f3re chc\u0105 rozpocz\u0105\u0107 pierwszy biznes, firm do 12 miesi\u0119cy dzia\u0142alno\u015bci oraz firm powy\u017cej 12 miesi\u0119cy. \u2013 Dla sektora mikro, ma\u0142ych i \u015brednich przedsi\u0119biorstw. \u2013 Ni\u017csze oprocentowanie w stosunku do oferty komercyjnej \u2013 \u0141atwiejsze uzyskanie zdolno\u015bci kredytowej \u2013 finansowane [&hellip;]<\/p>\n","protected":false},"author":1,"featured_media":0,"parent":0,"menu_order":0,"comment_status":"closed","ping_status":"closed","template":"","meta":{"_et_pb_use_builder":"on","_et_pb_old_content":"","_et_gb_content_width":"","_mi_skip_tracking":false,"_exactmetrics_sitenote_active":false,"_exactmetrics_sitenote_note":"","_exactmetrics_sitenote_category":0},"_links":{"self":[{"href":"https:\/\/msp-biznes.pl\/index.php\/wp-json\/wp\/v2\/pages\/249"}],"collection":[{"href":"https:\/\/msp-biznes.pl\/index.php\/wp-json\/wp\/v2\/pages"}],"about":[{"href":"https:\/\/msp-biznes.pl\/index.php\/wp-json\/wp\/v2\/types\/page"}],"author":[{"embeddable":true,"href":"https:\/\/msp-biznes.pl\/index.php\/wp-json\/wp\/v2\/users\/1"}],"replies":[{"embeddable":true,"href":"https:\/\/msp-biznes.pl\/index.php\/wp-json\/wp\/v2\/comments?post=249"}],"version-history":[{"count":17,"href":"https:\/\/msp-biznes.pl\/index.php\/wp-json\/wp\/v2\/pages\/249\/revisions"}],"predecessor-version":[{"id":474,"href":"https:\/\/msp-biznes.pl\/index.php\/wp-json\/wp\/v2\/pages\/249\/revisions\/474"}],"wp:attachment":[{"href":"https:\/\/msp-biznes.pl\/index.php\/wp-json\/wp\/v2\/media?parent=249"}],"curies":[{"name":"wp","href":"https:\/\/api.w.org\/{rel}","templated":true}]}}