{"id":247,"date":"2017-04-10T10:15:09","date_gmt":"2017-04-10T08:15:09","guid":{"rendered":"http:\/\/msp-biznes.pl\/?page_id=247"},"modified":"2017-04-28T11:08:02","modified_gmt":"2017-04-28T09:08:02","slug":"kredyty-firmowe","status":"publish","type":"page","link":"https:\/\/msp-biznes.pl\/index.php\/kredyty-firmowe\/","title":{"rendered":"Kredyty firmowe"},"content":{"rendered":"<p>[et_pb_section admin_label=&#8221;section&#8221; transparent_background=&#8221;off&#8221; background_color=&#8221;#805b9e&#8221; allow_player_pause=&#8221;off&#8221; inner_shadow=&#8221;off&#8221; parallax=&#8221;off&#8221; parallax_method=&#8221;off&#8221; padding_mobile=&#8221;off&#8221; make_fullwidth=&#8221;off&#8221; use_custom_width=&#8221;off&#8221; width_unit=&#8221;on&#8221; make_equal=&#8221;off&#8221; use_custom_gutter=&#8221;off&#8221;][et_pb_row admin_label=&#8221;row&#8221;][et_pb_column type=&#8221;4_4&#8243;][et_pb_text admin_label=&#8221;Tekst&#8221; background_layout=&#8221;dark&#8221; text_orientation=&#8221;left&#8221; text_font_size=&#8221;30&#8243; use_border_color=&#8221;off&#8221; border_color=&#8221;#ffffff&#8221; border_style=&#8221;solid&#8221;]<\/p>\n<p>Kredyty firmowe<\/p>\n<p>[\/et_pb_text][\/et_pb_column][\/et_pb_row][\/et_pb_section][et_pb_section admin_label=&#8221;Sekcja&#8221; fullwidth=&#8221;off&#8221; specialty=&#8221;off&#8221; transparent_background=&#8221;off&#8221; allow_player_pause=&#8221;off&#8221; inner_shadow=&#8221;off&#8221; parallax=&#8221;off&#8221; parallax_method=&#8221;off&#8221; padding_mobile=&#8221;off&#8221; make_fullwidth=&#8221;off&#8221; use_custom_width=&#8221;off&#8221; width_unit=&#8221;on&#8221; make_equal=&#8221;off&#8221; use_custom_gutter=&#8221;off&#8221;][et_pb_row admin_label=&#8221;Wiersz&#8221;][et_pb_column type=&#8221;2_3&#8243;][et_pb_text admin_label=&#8221;Tekst&#8221; background_layout=&#8221;light&#8221; text_orientation=&#8221;left&#8221; text_text_color=&#8221;#805b9e&#8221; use_border_color=&#8221;off&#8221; border_color=&#8221;#ffffff&#8221; border_style=&#8221;solid&#8221; header_text_color=&#8221;#805b9e&#8221; text_font_size=&#8221;30&#8243;]<\/p>\n<p>Finansowanie na rozw\u00f3j Twojego biznesu.<\/p>\n<p>[\/et_pb_text][et_pb_text admin_label=&#8221;Tekst&#8221; background_layout=&#8221;light&#8221; text_orientation=&#8221;left&#8221; use_border_color=&#8221;off&#8221; border_color=&#8221;#ffffff&#8221; border_style=&#8221;solid&#8221;]<\/p>\n<div>Dobry biznes zaczyna si\u0119 od dobrego planu finansowego.<\/div>\n<div>Oddzielaj pieni\u0105dze przedsi\u0119biorstwa od pieni\u0119dzy prywatnych. Buduj\u0105c maj\u0105tek Twojego biznesu, budujesz stabiln\u0105 sytuacj\u0119 finansow\u0105 Twojej rodziny.<\/div>\n<div>Wsp\u00f3\u0142pracujemy zar\u00f3wno z bankami komercyjnymi, bankami sp\u00f3\u0142dzielczymi, jak i \u00a0funduszami po\u017cyczkowymi i fundacjami. Dzi\u0119ki temu zapewniamy dost\u0119p do nietuzinkowych rozwi\u0105za\u0144 i najszersz\u0105 ofert\u0119 produktow\u0105 na rynku.<\/div>\n<div>W ramach kredyt\u00f3w firmowych finansujemy:<\/div>\n<div>\u2013 zakup maszyn, urz\u0105dze\u0144, \u015brodk\u00f3w transportu<\/div>\n<div>\u2013 budow\u0119, zakup i remont nieruchomo\u015bci<\/div>\n<div>\u2013 realizacj\u0119 kontraktu.<\/div>\n<div>\u2013 zakup towar\u00f3w handlowych i koszty bie\u017c\u0105cej dzia\u0142alno\u015bci gospodarczej.<\/div>\n<div><\/div>\n<div>Masz za du\u017co rat kredytowych?<\/div>\n<div>Nie mno\u017cymy rat kredytowych. Chcemy, by kredytowanie sprzyja\u0142o, a nie hamowa\u0142o rozw\u00f3j Twojego biznesu.<\/div>\n<div>Kiedy masz za du\u017co zobowi\u0105za\u0144 i trudno\u015bci w ich terminowej obs\u0142udze, nie skupiasz si\u0119 na zarabianiu, a na generowaniu \u015brodk\u00f3w na sp\u0142at\u0119 kolejnych rat.<\/div>\n<div>Znamy wyzwania, kt\u00f3re stoj\u0105 przed przedsi\u0119biorcami i pomagamy w ich przezwyci\u0119\u017ceniu.<\/div>\n<div><\/div>\n<div>II szansa<\/div>\n<div>W przesz\u0142o\u015bci mia\u0142e\u015b problemy z terminow\u0105 obs\u0142ug\u0105 zobowi\u0105za\u0144, sp\u0142aci\u0142e\u015b je, a mimo to Tw\u00f3j bank nie chce Ci udzieli\u0107 finansowania?<\/div>\n<div>Dzi\u0119ki szerokiej ofercie produktowej posiadamy rozwi\u0105zania dla firm, kt\u00f3re nie poradzi\u0142y sobie ze sp\u0142at\u0105 zobowi\u0105za\u0144 w przesz\u0142o\u015bci i przez negatywn\u0105 histori\u0119 nie mog\u0105 uzyska\u0107 kredytu.<\/div>\n<div>Zapewniamy dost\u0119p do tanich \u015brodk\u00f3w finansowych, dobieramy kredyty do celu i wsp\u00f3lnie pomagamy okre\u015bli\u0107, czy dana inwestycja przyniesie spodziewane korzy\u015bci.<\/div>\n<div><\/div>\n<div>Sp\u0142ata podatk\u00f3w i stabilizacja zostaja bez zmian.<\/div>\n<p>[\/et_pb_text][\/et_pb_column][et_pb_column type=&#8221;1_3&#8243;][et_pb_image admin_label=&#8221;Obraz&#8221; src=&#8221;https:\/\/msp-biznes.pl\/wp-content\/uploads\/2017\/04\/kredyty_firmowe.jpg&#8221; show_in_lightbox=&#8221;off&#8221; url_new_window=&#8221;off&#8221; use_overlay=&#8221;off&#8221; animation=&#8221;left&#8221; sticky=&#8221;off&#8221; align=&#8221;left&#8221; force_fullwidth=&#8221;off&#8221; always_center_on_mobile=&#8221;on&#8221; use_border_color=&#8221;off&#8221; border_color=&#8221;#ffffff&#8221; border_style=&#8221;solid&#8221;] [\/et_pb_image][\/et_pb_column][\/et_pb_row][\/et_pb_section][et_pb_section admin_label=&#8221;Sekcja&#8221; fullwidth=&#8221;off&#8221; specialty=&#8221;off&#8221; transparent_background=&#8221;off&#8221; background_color=&#8221;rgba(128,91,158,0.18)&#8221; allow_player_pause=&#8221;off&#8221; inner_shadow=&#8221;off&#8221; parallax=&#8221;off&#8221; parallax_method=&#8221;off&#8221; padding_mobile=&#8221;off&#8221; make_fullwidth=&#8221;off&#8221; use_custom_width=&#8221;off&#8221; width_unit=&#8221;on&#8221; make_equal=&#8221;off&#8221; use_custom_gutter=&#8221;off&#8221;][et_pb_row admin_label=&#8221;Wiersz&#8221;][et_pb_column type=&#8221;1_4&#8243;][et_pb_image admin_label=&#8221;Obraz&#8221; src=&#8221;https:\/\/msp-biznes.pl\/wp-content\/uploads\/2017\/04\/logo_biale.png&#8221; show_in_lightbox=&#8221;off&#8221; url_new_window=&#8221;off&#8221; use_overlay=&#8221;off&#8221; animation=&#8221;fade_in&#8221; sticky=&#8221;on&#8221; align=&#8221;center&#8221; force_fullwidth=&#8221;off&#8221; always_center_on_mobile=&#8221;on&#8221; use_border_color=&#8221;off&#8221; border_color=&#8221;#ffffff&#8221; border_style=&#8221;solid&#8221; custom_css_main_element=&#8221;border-bottom: solid 1px rgba(255, 255, 255, 0.23);&#8221; module_class=&#8221;logom&#8221;] [\/et_pb_image][et_pb_text admin_label=&#8221;Tekst&#8221; background_layout=&#8221;dark&#8221; text_orientation=&#8221;center&#8221; use_border_color=&#8221;off&#8221; border_color=&#8221;#ffffff&#8221; border_style=&#8221;solid&#8221; text_font_size=&#8221;25&#8243; text_text_color=&#8221;#5f1c9e&#8221;]<\/p>\n<p>Odd\u0142u\u017canie<\/p>\n<p>[\/et_pb_text][et_pb_text admin_label=&#8221;Tekst&#8221; background_layout=&#8221;dark&#8221; text_orientation=&#8221;left&#8221; use_border_color=&#8221;off&#8221; border_color=&#8221;#ffffff&#8221; border_style=&#8221;solid&#8221; text_text_color=&#8221;#805b9e&#8221;]<\/p>\n<p>Masz za du\u017co rat kredytowych?<br \/>\nNie mno\u017cymy rat kredytowych. Chcemy, by kredytowanie sprzyja\u0142o, a nie hamowa\u0142o rozw\u00f3j Twojej firmy.<br \/>\nKiedy masz za du\u017co zobowi\u0105za\u0144 i trudno\u015bci w ich terminowej obs\u0142udze, nie skupiasz si\u0119 na zarabianiu, a na generowaniu \u015brodk\u00f3w na sp\u0142at\u0119 kolejnych rat.<br \/>\nZnamy wyzwania jakie stoj\u0105 przed przedsi\u0119biorcami i pomagamy w ich przezwyci\u0119\u017ceniu.<\/p>\n<p>[\/et_pb_text][\/et_pb_column][et_pb_column type=&#8221;1_4&#8243;][et_pb_image admin_label=&#8221;Obraz&#8221; src=&#8221;https:\/\/msp-biznes.pl\/wp-content\/uploads\/2017\/04\/logo_biale.png&#8221; show_in_lightbox=&#8221;off&#8221; url_new_window=&#8221;off&#8221; use_overlay=&#8221;off&#8221; animation=&#8221;fade_in&#8221; sticky=&#8221;on&#8221; align=&#8221;center&#8221; force_fullwidth=&#8221;off&#8221; always_center_on_mobile=&#8221;on&#8221; use_border_color=&#8221;off&#8221; border_color=&#8221;#ffffff&#8221; border_style=&#8221;solid&#8221; custom_css_main_element=&#8221;border-bottom: solid 1px rgba(255, 255, 255, 0.23);&#8221; module_class=&#8221;logom&#8221;] [\/et_pb_image][et_pb_text admin_label=&#8221;Tekst&#8221; background_layout=&#8221;dark&#8221; text_orientation=&#8221;center&#8221; use_border_color=&#8221;off&#8221; border_color=&#8221;#ffffff&#8221; border_style=&#8221;solid&#8221; text_font_size=&#8221;25&#8243; text_text_color=&#8221;#5f1c9e&#8221;]<\/p>\n<p>Sp\u0142ata podatk\u00f3w<\/p>\n<p>[\/et_pb_text][et_pb_text admin_label=&#8221;Tekst&#8221; background_layout=&#8221;dark&#8221; text_orientation=&#8221;left&#8221; use_border_color=&#8221;off&#8221; border_color=&#8221;#ffffff&#8221; border_style=&#8221;solid&#8221; text_text_color=&#8221;#805b9e&#8221;]<\/p>\n<p>Dysponujemy rozwi\u0105zaniami finansowymi na sp\u0142at\u0119 zaleg\u0142ych sk\u0142adek ZUS i podatk\u00f3w.<br \/>\nBrak za\u015bwiadcze\u0144 o niezaleganiu nie stanowi przeszkody do uzyskania finansowania w szczeg\u00f3lno\u015bci, gdy pozosta\u0142e zobowi\u0105zania regulujesz terminowo.<\/p>\n<p>[\/et_pb_text][\/et_pb_column][et_pb_column type=&#8221;1_4&#8243;][et_pb_image admin_label=&#8221;Obraz&#8221; src=&#8221;https:\/\/msp-biznes.pl\/wp-content\/uploads\/2017\/04\/logo_biale.png&#8221; show_in_lightbox=&#8221;off&#8221; url_new_window=&#8221;off&#8221; use_overlay=&#8221;off&#8221; animation=&#8221;fade_in&#8221; sticky=&#8221;on&#8221; align=&#8221;center&#8221; force_fullwidth=&#8221;off&#8221; always_center_on_mobile=&#8221;on&#8221; use_border_color=&#8221;off&#8221; border_color=&#8221;#ffffff&#8221; border_style=&#8221;solid&#8221; custom_css_main_element=&#8221;border-bottom: solid 1px rgba(255, 255, 255, 0.23);&#8221; module_class=&#8221;logom&#8221;] [\/et_pb_image][et_pb_text admin_label=&#8221;Tekst&#8221; background_layout=&#8221;dark&#8221; text_orientation=&#8221;center&#8221; use_border_color=&#8221;off&#8221; border_color=&#8221;#ffffff&#8221; border_style=&#8221;solid&#8221; text_font_size=&#8221;25&#8243; text_text_color=&#8221;#5f1c9e&#8221;]<\/p>\n<p>II szansa<\/p>\n<p>[\/et_pb_text][et_pb_text admin_label=&#8221;Tekst&#8221; background_layout=&#8221;dark&#8221; text_orientation=&#8221;left&#8221; use_border_color=&#8221;off&#8221; border_color=&#8221;#ffffff&#8221; border_style=&#8221;solid&#8221; text_text_color=&#8221;#805b9e&#8221;]<\/p>\n<p>W przesz\u0142o\u015bci mia\u0142e\u015b problemy z terminow\u0105 obs\u0142ug\u0105 zobowi\u0105za\u0144, sp\u0142aci\u0142e\u015b je, a mimo to Tw\u00f3j bank nie chce Ci udzieli\u0107 finansowania?<br \/>\nDzi\u0119ki szerokiej ofercie produktowej posiadamy rozwi\u0105zania dla firm, kt\u00f3re nie poradzi\u0142y sobie ze sp\u0142at\u0105 zobowi\u0105za\u0144 w przesz\u0142o\u015bci i przez negatywn\u0105 histori\u0119 nie mog\u0105 uzyska\u0107 kredytu.<br \/>\nDost\u0119p do tanich \u015brodk\u00f3w finansowych dob\u00f3r kredytu do celu produkty kredytowe dla firm w trudnej sytuacji finansowej<\/p>\n<p>[\/et_pb_text][\/et_pb_column][et_pb_column type=&#8221;1_4&#8243;][et_pb_image admin_label=&#8221;Obraz&#8221; src=&#8221;https:\/\/msp-biznes.pl\/wp-content\/uploads\/2017\/04\/logo_biale.png&#8221; show_in_lightbox=&#8221;off&#8221; url_new_window=&#8221;off&#8221; use_overlay=&#8221;off&#8221; animation=&#8221;fade_in&#8221; sticky=&#8221;on&#8221; align=&#8221;center&#8221; force_fullwidth=&#8221;off&#8221; always_center_on_mobile=&#8221;on&#8221; use_border_color=&#8221;off&#8221; border_color=&#8221;#ffffff&#8221; border_style=&#8221;solid&#8221; custom_css_main_element=&#8221;border-bottom: solid 1px rgba(255, 255, 255, 0.23);&#8221; module_class=&#8221;logom&#8221;] [\/et_pb_image][et_pb_text admin_label=&#8221;Tekst&#8221; background_layout=&#8221;dark&#8221; text_orientation=&#8221;center&#8221; use_border_color=&#8221;off&#8221; border_color=&#8221;#ffffff&#8221; border_style=&#8221;solid&#8221; text_font_size=&#8221;25&#8243; text_text_color=&#8221;#5f1c9e&#8221;]<\/p>\n<p>Stabilizacja<\/p>\n<p>[\/et_pb_text][et_pb_text admin_label=&#8221;Tekst&#8221; background_layout=&#8221;dark&#8221; text_orientation=&#8221;left&#8221; use_border_color=&#8221;off&#8221; border_color=&#8221;#ffffff&#8221; border_style=&#8221;solid&#8221; text_text_color=&#8221;#805b9e&#8221;]<\/p>\n<p>Zapewnienie p\u0142ynno\u015bci w sytuacji, w kt\u00f3rej kontrahenci sp\u00f3\u017aniaj\u0105 si\u0119 z p\u0142atno\u015bciami stanowi podstaw\u0119 do budowania stabilno\u015bci Twojego biznesu. W tym celu konieczne jest zapewnienie dost\u0119pu do wysokiej jako\u015bci finansowania, dzi\u0119ki kt\u00f3remu utrzymasz ci\u0105g\u0142o\u015b\u0107 zlece\u0144 i zyskasz opini\u0119 rzetelnej firmy.<\/p>\n<p>[\/et_pb_text][\/et_pb_column][\/et_pb_row][\/et_pb_section][et_pb_section admin_label=&#8221;Sekcja&#8221; fullwidth=&#8221;off&#8221; specialty=&#8221;off&#8221; transparent_background=&#8221;off&#8221; background_color=&#8221;rgba(128,91,158,0.72)&#8221; allow_player_pause=&#8221;off&#8221; inner_shadow=&#8221;off&#8221; parallax=&#8221;off&#8221; parallax_method=&#8221;off&#8221; padding_mobile=&#8221;off&#8221; make_fullwidth=&#8221;off&#8221; use_custom_width=&#8221;off&#8221; width_unit=&#8221;on&#8221; make_equal=&#8221;off&#8221; use_custom_gutter=&#8221;off&#8221;][et_pb_row admin_label=&#8221;Wiersz&#8221;][et_pb_column type=&#8221;4_4&#8243;][et_pb_text admin_label=&#8221;Tekst&#8221; background_layout=&#8221;dark&#8221; text_orientation=&#8221;center&#8221; text_font_size=&#8221;25&#8243; use_border_color=&#8221;off&#8221; border_color=&#8221;#ffffff&#8221; border_style=&#8221;solid&#8221; text_line_height=&#8221;1.2em&#8221;]<\/p>\n<p><strong>Twoje obecne rozwi\u0105zania s\u0105 drogie lub masz zbyt wiele zobowi\u0105za\u0144?<\/strong><br \/>\n<strong>Skonsolidujemy je uwalniaj\u0105c \u015brodki na rozw\u00f3j Twojej firmy.<\/strong><\/p>\n<p>[\/et_pb_text][et_pb_button admin_label=&#8221;Przycisk&#8221; url_new_window=&#8221;off&#8221; button_text=&#8221;Skontaktuj si\u0119 z nami&#8221; button_alignment=&#8221;center&#8221; background_layout=&#8221;dark&#8221; custom_button=&#8221;off&#8221; button_letter_spacing=&#8221;0&#8243; button_use_icon=&#8221;default&#8221; button_icon_placement=&#8221;right&#8221; button_on_hover=&#8221;on&#8221; button_letter_spacing_hover=&#8221;0&#8243; module_class=&#8221;msp-szybkikontakt&#8221; button_url=&#8221;https:\/\/msp-biznes.pl\/index.php\/kontakt\/&#8221;] [\/et_pb_button][\/et_pb_column][\/et_pb_row][\/et_pb_section][et_pb_section admin_label=&#8221;Sekcja&#8221; global_module=&#8221;212&#8243; fullwidth=&#8221;off&#8221; specialty=&#8221;off&#8221; transparent_background=&#8221;off&#8221; allow_player_pause=&#8221;off&#8221; inner_shadow=&#8221;off&#8221; parallax=&#8221;off&#8221; parallax_method=&#8221;off&#8221; padding_mobile=&#8221;off&#8221; make_fullwidth=&#8221;off&#8221; use_custom_width=&#8221;off&#8221; width_unit=&#8221;on&#8221; make_equal=&#8221;off&#8221; use_custom_gutter=&#8221;off&#8221;][et_pb_row global_parent=&#8221;212&#8243; admin_label=&#8221;Wiersz&#8221;][et_pb_column type=&#8221;1_3&#8243;][et_pb_text global_parent=&#8221;212&#8243; admin_label=&#8221;Tekst&#8221; background_layout=&#8221;light&#8221; text_orientation=&#8221;left&#8221; text_text_color=&#8221;#7f5c9e&#8221; use_border_color=&#8221;off&#8221; border_color=&#8221;#ffffff&#8221; border_style=&#8221;solid&#8221; text_font_size=&#8221;35&#8243;] Kontakt [\/et_pb_text][et_pb_text global_parent=&#8221;212&#8243; admin_label=&#8221;Tekst&#8221; background_layout=&#8221;light&#8221; text_orientation=&#8221;left&#8221; use_border_color=&#8221;off&#8221; border_color=&#8221;#ffffff&#8221; border_style=&#8221;solid&#8221;]<\/p>\n<div><span class=\"_50f4\">Wysoka 15b<\/span><\/div>\n<div><span class=\"_50f4\">87-800 W\u0142oc\u0142awek<\/span><\/div>\n<div><\/div>\n<div>telefon:\u00a0661 194 703 e-mail:\u00a0<a id=\"emailAddress\" class=\"mr-1 ajaxGemius count-hovers addax addax-cs_ip_email_click_submit\" title=\"Wy\u015blij e-mail do Msp Biznes Marta Puppel\" href=\"mailto:marta.puppel@msp-biznes.pl\" data-for-copy=\"marta.puppel@msp-biznes.pl\" data-copy-trigger=\"#emailCopyAnchor\">marta.puppel@msp-biznes.pl<\/a><\/div>\n<p>[\/et_pb_text][\/et_pb_column][et_pb_column type=&#8221;1_3&#8243;][et_pb_text global_parent=&#8221;212&#8243; admin_label=&#8221;Tekst&#8221; background_layout=&#8221;light&#8221; text_orientation=&#8221;center&#8221; text_text_color=&#8221;#7f5c9e&#8221; use_border_color=&#8221;off&#8221; border_color=&#8221;#ffffff&#8221; border_style=&#8221;solid&#8221; text_font_size=&#8221;25&#8243;] Jak dojecha\u0107 [\/et_pb_text][et_pb_image global_parent=&#8221;212&#8243; admin_label=&#8221;Obraz&#8221; src=&#8221;https:\/\/msp-biznes.pl\/wp-content\/uploads\/2017\/01\/location-pin.png&#8221; show_in_lightbox=&#8221;off&#8221; url=&#8221;https:\/\/www.google.pl\/maps\/place\/Wysoka+15B,+W%C5%82oc%C5%82awek\/@52.6608659,19.0424932,17.25z\/data=!4m5!3m4!1s0x471c99121dd6c231:0x3490c1d16b7980fc!8m2!3d52.660798!4d19.0443149&#8243; url_new_window=&#8221;on&#8221; use_overlay=&#8221;off&#8221; animation=&#8221;fade_in&#8221; sticky=&#8221;off&#8221; align=&#8221;center&#8221; force_fullwidth=&#8221;off&#8221; always_center_on_mobile=&#8221;on&#8221; use_border_color=&#8221;off&#8221; border_color=&#8221;#ffffff&#8221; border_style=&#8221;solid&#8221;] [\/et_pb_image][\/et_pb_column][et_pb_column type=&#8221;1_3&#8243;][et_pb_text global_parent=&#8221;212&#8243; admin_label=&#8221;Tekst&#8221; background_layout=&#8221;light&#8221; text_orientation=&#8221;center&#8221; text_text_color=&#8221;#7f5c9e&#8221; use_border_color=&#8221;off&#8221; border_color=&#8221;#ffffff&#8221; border_style=&#8221;solid&#8221; text_font_size=&#8221;25&#8243;] Media spo\u0142eczno\u015bciowe [\/et_pb_text][et_pb_image global_parent=&#8221;212&#8243; admin_label=&#8221;Obraz&#8221; src=&#8221;https:\/\/msp-biznes.pl\/wp-content\/uploads\/2017\/01\/facebook-logo.png&#8221; show_in_lightbox=&#8221;off&#8221; url=&#8221;https:\/\/www.facebook.com\/pg\/mspbiznes\/about\/?ref=page_internal&#8221; url_new_window=&#8221;on&#8221; use_overlay=&#8221;off&#8221; animation=&#8221;fade_in&#8221; sticky=&#8221;off&#8221; align=&#8221;center&#8221; force_fullwidth=&#8221;off&#8221; always_center_on_mobile=&#8221;on&#8221; use_border_color=&#8221;off&#8221; border_color=&#8221;#ffffff&#8221; border_style=&#8221;solid&#8221;] [\/et_pb_image][\/et_pb_column][\/et_pb_row][\/et_pb_section]<\/p>\n","protected":false},"excerpt":{"rendered":"<p>Kredyty firmowe Finansowanie na rozw\u00f3j Twojego biznesu. Dobry biznes zaczyna si\u0119 od dobrego planu finansowego. Oddzielaj pieni\u0105dze przedsi\u0119biorstwa od pieni\u0119dzy prywatnych. Buduj\u0105c maj\u0105tek Twojego biznesu, budujesz stabiln\u0105 sytuacj\u0119 finansow\u0105 Twojej rodziny. Wsp\u00f3\u0142pracujemy zar\u00f3wno z bankami komercyjnymi, bankami sp\u00f3\u0142dzielczymi, jak i \u00a0funduszami po\u017cyczkowymi i fundacjami. Dzi\u0119ki temu zapewniamy dost\u0119p do nietuzinkowych rozwi\u0105za\u0144 i najszersz\u0105 ofert\u0119 produktow\u0105 [&hellip;]<\/p>\n","protected":false},"author":1,"featured_media":0,"parent":0,"menu_order":0,"comment_status":"closed","ping_status":"closed","template":"","meta":{"_et_pb_use_builder":"on","_et_pb_old_content":"","_et_gb_content_width":"","_mi_skip_tracking":false,"_exactmetrics_sitenote_active":false,"_exactmetrics_sitenote_note":"","_exactmetrics_sitenote_category":0},"_links":{"self":[{"href":"https:\/\/msp-biznes.pl\/index.php\/wp-json\/wp\/v2\/pages\/247"}],"collection":[{"href":"https:\/\/msp-biznes.pl\/index.php\/wp-json\/wp\/v2\/pages"}],"about":[{"href":"https:\/\/msp-biznes.pl\/index.php\/wp-json\/wp\/v2\/types\/page"}],"author":[{"embeddable":true,"href":"https:\/\/msp-biznes.pl\/index.php\/wp-json\/wp\/v2\/users\/1"}],"replies":[{"embeddable":true,"href":"https:\/\/msp-biznes.pl\/index.php\/wp-json\/wp\/v2\/comments?post=247"}],"version-history":[{"count":26,"href":"https:\/\/msp-biznes.pl\/index.php\/wp-json\/wp\/v2\/pages\/247\/revisions"}],"predecessor-version":[{"id":476,"href":"https:\/\/msp-biznes.pl\/index.php\/wp-json\/wp\/v2\/pages\/247\/revisions\/476"}],"wp:attachment":[{"href":"https:\/\/msp-biznes.pl\/index.php\/wp-json\/wp\/v2\/media?parent=247"}],"curies":[{"name":"wp","href":"https:\/\/api.w.org\/{rel}","templated":true}]}}