{"id":222,"date":"2017-04-07T12:35:23","date_gmt":"2017-04-07T10:35:23","guid":{"rendered":"http:\/\/msp-biznes.pl\/?page_id=222"},"modified":"2017-05-15T13:58:21","modified_gmt":"2017-05-15T11:58:21","slug":"referencje","status":"publish","type":"page","link":"https:\/\/msp-biznes.pl\/index.php\/referencje\/","title":{"rendered":"Referencje"},"content":{"rendered":"<p>[et_pb_section admin_label=&#8221;section&#8221; transparent_background=&#8221;off&#8221; background_color=&#8221;#805b9e&#8221; allow_player_pause=&#8221;off&#8221; inner_shadow=&#8221;off&#8221; parallax=&#8221;off&#8221; parallax_method=&#8221;off&#8221; padding_mobile=&#8221;off&#8221; make_fullwidth=&#8221;off&#8221; use_custom_width=&#8221;off&#8221; width_unit=&#8221;on&#8221; make_equal=&#8221;off&#8221; use_custom_gutter=&#8221;off&#8221;][et_pb_row admin_label=&#8221;row&#8221;][et_pb_column type=&#8221;4_4&#8243;][et_pb_text admin_label=&#8221;Tekst&#8221; background_layout=&#8221;dark&#8221; text_orientation=&#8221;left&#8221; text_font_size=&#8221;30&#8243; use_border_color=&#8221;off&#8221; border_color=&#8221;#ffffff&#8221; border_style=&#8221;solid&#8221;]<\/p>\n<p>Referencje<\/p>\n<p>[\/et_pb_text][\/et_pb_column][\/et_pb_row][\/et_pb_section][et_pb_section fullwidth=&#8221;off&#8221; specialty=&#8221;off&#8221; admin_label=&#8221;Sekcja&#8221;][et_pb_row admin_label=&#8221;Wiersz&#8221;][et_pb_column type=&#8221;4_4&#8243;][et_pb_text admin_label=&#8221;Tekst&#8221; background_layout=&#8221;light&#8221; text_orientation=&#8221;left&#8221; use_border_color=&#8221;off&#8221; border_color=&#8221;#ffffff&#8221; border_style=&#8221;solid&#8221;]<\/p>\n<p>Przychodz\u0105c do MSP w og\u00f3le nie my\u015bla\u0142em o za\u0142o\u017ceniu kolejnej firmy. Po godzinie rozmowy, analiz i picia dobrej kawy doszli\u015bmy do wniosku, \u017ce za\u0142o\u017cenie nowej firmy, to najlepszy pomys\u0142. Po miesi\u0105cu czasu otrzyma\u0142em dofinansowanie, a tydzie\u0144 p\u00f3\u017aniej prowadzi\u0142em w\u0142asny biznes. Polecam!<br \/>\n<strong>PHI MILA Jakub Jarmu\u017cek<\/strong><\/p>\n<p>[\/et_pb_text][et_pb_text admin_label=&#8221;Tekst&#8221; background_layout=&#8221;light&#8221; text_orientation=&#8221;left&#8221; use_border_color=&#8221;off&#8221; border_color=&#8221;#ffffff&#8221; border_style=&#8221;solid&#8221;]<\/p>\n<p>Bardzo rzetelne i fachowe doradztwo. Maj\u0105 produkty, kt\u00f3rych nie ma \u017cadna inna firma na rynku. Wszystkie nowinki o \u015brodkach unijnych w jednym miejscu.<br \/>\n<strong>Jacek Kwiatkowski Bonus, Kasy Fiskalne<\/strong><\/p>\n<p>&nbsp;<\/p>\n<p>[\/et_pb_text][\/et_pb_column][\/et_pb_row][\/et_pb_section][et_pb_section admin_label=&#8221;Sekcja&#8221; global_module=&#8221;212&#8243; fullwidth=&#8221;off&#8221; specialty=&#8221;off&#8221; transparent_background=&#8221;off&#8221; allow_player_pause=&#8221;off&#8221; inner_shadow=&#8221;off&#8221; parallax=&#8221;off&#8221; parallax_method=&#8221;off&#8221; padding_mobile=&#8221;off&#8221; make_fullwidth=&#8221;off&#8221; use_custom_width=&#8221;off&#8221; width_unit=&#8221;on&#8221; make_equal=&#8221;off&#8221; use_custom_gutter=&#8221;off&#8221;][et_pb_row global_parent=&#8221;212&#8243; admin_label=&#8221;Wiersz&#8221;][et_pb_column type=&#8221;1_3&#8243;][et_pb_text global_parent=&#8221;212&#8243; admin_label=&#8221;Tekst&#8221; background_layout=&#8221;light&#8221; text_orientation=&#8221;left&#8221; text_text_color=&#8221;#7f5c9e&#8221; use_border_color=&#8221;off&#8221; border_color=&#8221;#ffffff&#8221; border_style=&#8221;solid&#8221; text_font_size=&#8221;35&#8243;] Kontakt [\/et_pb_text][et_pb_text global_parent=&#8221;212&#8243; admin_label=&#8221;Tekst&#8221; background_layout=&#8221;light&#8221; text_orientation=&#8221;left&#8221; use_border_color=&#8221;off&#8221; border_color=&#8221;#ffffff&#8221; border_style=&#8221;solid&#8221;]<\/p>\n<div><span class=\"_50f4\">Wysoka 15b<\/span><\/div>\n<div><span class=\"_50f4\">87-800 W\u0142oc\u0142awek<\/span><\/div>\n<div><\/div>\n<div>telefon:\u00a0661 194 703 e-mail:\u00a0<a id=\"emailAddress\" class=\"mr-1 ajaxGemius count-hovers addax addax-cs_ip_email_click_submit\" title=\"Wy\u015blij e-mail do Msp Biznes Marta Puppel\" href=\"mailto:marta.puppel@msp-biznes.pl\" data-for-copy=\"marta.puppel@msp-biznes.pl\" data-copy-trigger=\"#emailCopyAnchor\">marta.puppel@msp-biznes.pl<\/a><\/div>\n<p>[\/et_pb_text][\/et_pb_column][et_pb_column type=&#8221;1_3&#8243;][et_pb_text global_parent=&#8221;212&#8243; admin_label=&#8221;Tekst&#8221; background_layout=&#8221;light&#8221; text_orientation=&#8221;center&#8221; text_text_color=&#8221;#7f5c9e&#8221; use_border_color=&#8221;off&#8221; border_color=&#8221;#ffffff&#8221; border_style=&#8221;solid&#8221; text_font_size=&#8221;25&#8243;] Jak dojecha\u0107 [\/et_pb_text][et_pb_image global_parent=&#8221;212&#8243; admin_label=&#8221;Obraz&#8221; src=&#8221;https:\/\/msp-biznes.pl\/wp-content\/uploads\/2017\/01\/location-pin.png&#8221; show_in_lightbox=&#8221;off&#8221; url=&#8221;https:\/\/www.google.pl\/maps\/place\/Wysoka+15B,+W%C5%82oc%C5%82awek\/@52.6608659,19.0424932,17.25z\/data=!4m5!3m4!1s0x471c99121dd6c231:0x3490c1d16b7980fc!8m2!3d52.660798!4d19.0443149&#8243; url_new_window=&#8221;on&#8221; use_overlay=&#8221;off&#8221; animation=&#8221;fade_in&#8221; sticky=&#8221;off&#8221; align=&#8221;center&#8221; force_fullwidth=&#8221;off&#8221; always_center_on_mobile=&#8221;on&#8221; use_border_color=&#8221;off&#8221; border_color=&#8221;#ffffff&#8221; border_style=&#8221;solid&#8221;] [\/et_pb_image][\/et_pb_column][et_pb_column type=&#8221;1_3&#8243;][et_pb_text global_parent=&#8221;212&#8243; admin_label=&#8221;Tekst&#8221; background_layout=&#8221;light&#8221; text_orientation=&#8221;center&#8221; text_text_color=&#8221;#7f5c9e&#8221; use_border_color=&#8221;off&#8221; border_color=&#8221;#ffffff&#8221; border_style=&#8221;solid&#8221; text_font_size=&#8221;25&#8243;] Media spo\u0142eczno\u015bciowe [\/et_pb_text][et_pb_image global_parent=&#8221;212&#8243; admin_label=&#8221;Obraz&#8221; src=&#8221;https:\/\/msp-biznes.pl\/wp-content\/uploads\/2017\/01\/facebook-logo.png&#8221; show_in_lightbox=&#8221;off&#8221; url=&#8221;https:\/\/www.facebook.com\/pg\/mspbiznes\/about\/?ref=page_internal&#8221; url_new_window=&#8221;on&#8221; use_overlay=&#8221;off&#8221; animation=&#8221;fade_in&#8221; sticky=&#8221;off&#8221; align=&#8221;center&#8221; force_fullwidth=&#8221;off&#8221; always_center_on_mobile=&#8221;on&#8221; use_border_color=&#8221;off&#8221; border_color=&#8221;#ffffff&#8221; border_style=&#8221;solid&#8221;] [\/et_pb_image][\/et_pb_column][\/et_pb_row][\/et_pb_section]<\/p>\n","protected":false},"excerpt":{"rendered":"<p>Referencje Przychodz\u0105c do MSP w og\u00f3le nie my\u015bla\u0142em o za\u0142o\u017ceniu kolejnej firmy. Po godzinie rozmowy, analiz i picia dobrej kawy doszli\u015bmy do wniosku, \u017ce za\u0142o\u017cenie nowej firmy, to najlepszy pomys\u0142. Po miesi\u0105cu czasu otrzyma\u0142em dofinansowanie, a tydzie\u0144 p\u00f3\u017aniej prowadzi\u0142em w\u0142asny biznes. Polecam! PHI MILA Jakub Jarmu\u017cek Bardzo rzetelne i fachowe doradztwo. Maj\u0105 produkty, kt\u00f3rych nie [&hellip;]<\/p>\n","protected":false},"author":1,"featured_media":0,"parent":0,"menu_order":0,"comment_status":"closed","ping_status":"closed","template":"","meta":{"_et_pb_use_builder":"on","_et_pb_old_content":"","_et_gb_content_width":"","_mi_skip_tracking":false,"_exactmetrics_sitenote_active":false,"_exactmetrics_sitenote_note":"","_exactmetrics_sitenote_category":0},"_links":{"self":[{"href":"https:\/\/msp-biznes.pl\/index.php\/wp-json\/wp\/v2\/pages\/222"}],"collection":[{"href":"https:\/\/msp-biznes.pl\/index.php\/wp-json\/wp\/v2\/pages"}],"about":[{"href":"https:\/\/msp-biznes.pl\/index.php\/wp-json\/wp\/v2\/types\/page"}],"author":[{"embeddable":true,"href":"https:\/\/msp-biznes.pl\/index.php\/wp-json\/wp\/v2\/users\/1"}],"replies":[{"embeddable":true,"href":"https:\/\/msp-biznes.pl\/index.php\/wp-json\/wp\/v2\/comments?post=222"}],"version-history":[{"count":3,"href":"https:\/\/msp-biznes.pl\/index.php\/wp-json\/wp\/v2\/pages\/222\/revisions"}],"predecessor-version":[{"id":564,"href":"https:\/\/msp-biznes.pl\/index.php\/wp-json\/wp\/v2\/pages\/222\/revisions\/564"}],"wp:attachment":[{"href":"https:\/\/msp-biznes.pl\/index.php\/wp-json\/wp\/v2\/media?parent=222"}],"curies":[{"name":"wp","href":"https:\/\/api.w.org\/{rel}","templated":true}]}}